{"id":229,"date":"2025-05-27T09:21:16","date_gmt":"2025-05-27T09:21:16","guid":{"rendered":"https:\/\/q257a5brocx.preview.infomaniak.website\/company\/"},"modified":"2025-06-01T04:01:12","modified_gmt":"2025-06-01T04:01:12","slug":"company","status":"publish","type":"page","link":"https:\/\/eliapay.com\/nl\/company\/","title":{"rendered":"Het Eerste Betalingsplatform voor Reisbureaus"},"content":{"rendered":"\n<div id=\"custom-heading-block_d5d543721a41b4f7365330eb5990cf11\" class=\"custom-heading\">\n    <h1  class=\"font-bold text-4xl sm:text-5xl lg:text-6xl tracking-tight\">Het Eerste Betalingsplatform voor Reisbureaus<\/h1>\n            <p class=\"mt-6 max-w-3xl text-gray-600 text-xl\">Elia transformeert de manier waarop reisbureaus betalingen beheren met een alles-in-\u00e9\u00e9n platform ontworpen voor de unieke behoeften van de sector.<\/p>\n    <\/div>\n\n\n<div id=\"stats-container-block_0ff452c45e5dd55a8e9d6281c5df78e7\" class=\"stats-container\">\n        <div class=\"acf-innerblocks-container\">\n\n<div id=\"stat-item-block_f7986e442b7ea24e15581be52aeae551\" class=\"flex flex-col gap-y-2 pl-6 border-gray-200 border-l\">\n    <dt class=\"text-gray-600 text-sm\" style=\"font-weight: 400 !important;\">Betaalmethoden<\/dt>\n    <dd class=\"font-medium text-4xl tracking-tight\" style=\"padding-left: 0 !important; margin-top: 0 !important;\">7<\/dd>\n<\/div>\n\n\n<div id=\"stat-item-block_e10890a51f09e5e2c5c6eaef46d72215\" class=\"flex flex-col gap-y-2 pl-6 border-gray-200 border-l\">\n    <dt class=\"text-gray-600 text-sm\" style=\"font-weight: 400 !important;\">Beveiligingsniveau<\/dt>\n    <dd class=\"font-medium text-4xl tracking-tight\" style=\"padding-left: 0 !important; margin-top: 0 !important;\">100%<\/dd>\n<\/div>\n\n\n<div id=\"stat-item-block_52ee50306aba7a40b487b480756158ce\" class=\"flex flex-col gap-y-2 pl-6 border-gray-200 border-l\">\n    <dt class=\"text-gray-600 text-sm\" style=\"font-weight: 400 !important;\">Max Cashback<\/dt>\n    <dd class=\"font-medium text-4xl tracking-tight\" style=\"padding-left: 0 !important; margin-top: 0 !important;\">1%<\/dd>\n<\/div>\n\n\n<div id=\"stat-item-block_e3e44fc18f01a1dee371dcbfb5691cd5\" class=\"flex flex-col gap-y-2 pl-6 border-gray-200 border-l\">\n    <dt class=\"text-gray-600 text-sm\" style=\"font-weight: 400 !important;\">FGDR Garantie<\/dt>\n    <dd class=\"font-medium text-4xl tracking-tight\" style=\"padding-left: 0 !important; margin-top: 0 !important;\">100K\u20ac<\/dd>\n<\/div>\n<\/div>\n<\/div>\n\n\n<div\n    class=\"rzwn-image-text image-text--image-right image-size--default align wp-block-acf-image-text\">\n    <div class=\"gap-12 grid grid-cols-1 lg:grid-cols-2 mt-16\">\n        <div class=\"max-w-lg\">\n                            <h2 class=\"font-medium text-2xl tracking-tight\">Gebouwd voor Reisbureaus<\/h2>\n            \n                            <div class=\"mt-6 text-gray-600\" style=\"font-size: 15px;\">\n                    <div class=\"max-w-lg\">\n<p class=\"mt-6 text-gray-600\">Traditionele zakelijke rekeningen zijn niet aangepast aan de behoeften van de reisbranche. We hebben Elia ontwikkeld om de specifieke uitdagingen van reisbureaus aan te pakken: meerdere betaalmethoden, hoge kosten, frauderisico&#8217;s en complexe reconciliatieprocessen.<\/p>\n<\/div>\n                <\/div>\n                    <\/div>\n\n        <div class=\"lg:row-span-2\">\n            <div class=\"bg-gray-100 shadow-xl rounded-xl aspect-[4\/3] overflow-hidden\">\n                <img decoding=\"async\"\n                    alt=\"\"\n                    class=\"!m-0 w-full h-full object-cover\"\n                    src=\"https:\/\/eliapay.com\/wp-content\/uploads\/2025\/05\/pexels-mikhail-nilov-6969624-6ad601bf.jpg\">\n            <\/div>\n        <\/div>\n    <\/div>\n<\/div>\n\n\n<div \n    class=\"rzwn-mission-section align wp-block-acf-mission-section\">\n    <div class=\"mt-32\">\n                    <h2 class=\"font-semibold text-gray-900 text-base\" style=\"font-weight: semibold; font-size: 15px;\">Onze Missie<\/h2>\n                \n                    <h3 class=\"mt-2 font-bold text-3xl sm:text-4xl tracking-tight\">Vereenvoudiging van Betalingen voor Reisbureaus<\/h3>\n        \n        <div class=\"gap-12 grid grid-cols-1 lg:grid-cols-2 mt-12\">\n            <div class=\"max-w-lg\">\n                                    <div class=\"text-gray-600 mission-section-content\" style=\"font-size: 15px;\">\n                        <p class=\"text-gray-600\">Elia ontstond uit de observatie dat er geen tool beschikbaar was om aan de specifieke betalingsbehoeften van de reisbranche te voldoen. Van kaartfraude tot gebrek aan interne controles, van complexe bankreconciliatie tot hoge bankkosten, reisbureaus worden geconfronteerd met talrijke uitdagingen op het gebied van betaalmethoden en bankplatforms.<\/p>\n<p class=\"mt-8 text-gray-600\">Ons platform biedt een moderne en intu\u00eftieve &#8216;alles-in-\u00e9\u00e9n&#8217; oplossing, waarmee onze klanten hun betalingen effici\u00ebnter kunnen beheren tegen lagere kosten.<\/p>\n                    <\/div>\n                \n                                    <dl class=\"gap-x-8 gap-y-6 grid grid-cols-1 sm:grid-cols-2 mt-12\">\n                                                    <div>\n                                <dt class=\"font-medium text-gray-900 text-sm\">Lanceringsdatum<\/dt>\n                                <dd class=\"mt-1 !pl-0 text-gray-600 text-sm\">Februari 2025<\/dd>\n                            <\/div>\n                                                    <div>\n                                <dt class=\"font-medium text-gray-900 text-sm\">Bankpartner<\/dt>\n                                <dd class=\"mt-1 !pl-0 text-gray-600 text-sm\">Swan (gereguleerd door Banque de France)<\/dd>\n                            <\/div>\n                                                    <div>\n                                <dt class=\"font-medium text-gray-900 text-sm\">Regelgeving<\/dt>\n                                <dd class=\"mt-1 !pl-0 text-gray-600 text-sm\">MOBSP geregistreerd bij ORIAS (25000106)<\/dd>\n                            <\/div>\n                                                    <div>\n                                <dt class=\"font-medium text-gray-900 text-sm\">Fondsbescherming<\/dt>\n                                <dd class=\"mt-1 !pl-0 text-gray-600 text-sm\">100% van de fondsen beveiligd bij BNP<\/dd>\n                            <\/div>\n                                            <\/dl>\n                            <\/div>\n\n            <div class=\"gap-4 grid grid-cols-2\">\n                <div class=\"bg-gray-100 shadow-lg rounded-xl aspect-[4\/3] overflow-hidden\">\n                    <img decoding=\"async\" \n                        alt=\"\" \n                        class=\"!m-0 w-full h-full object-cover\" \n                        src=\"https:\/\/eliapay.com\/wp-content\/uploads\/2025\/05\/pexels-mikhail-nilov-7534804-ecfb4abe.jpg\"\n                    >\n                <\/div>\n                <div class=\"bg-gray-100 shadow-lg lg:mt-12 rounded-xl aspect-[4\/3] overflow-hidden\">\n                    <img decoding=\"async\" \n                        alt=\"\" \n                        class=\"!m-0 w-full h-full object-cover\" \n                        src=\"https:\/\/eliapay.com\/wp-content\/uploads\/2025\/05\/pexels-sami-aksu-48867324-9917006-86e6baf8.jpg\"\n                    >\n                <\/div>\n            <\/div>\n        <\/div>\n    <\/div>\n<\/div>\n\n\n<div id=\"founder-team-block_d27ab6103832eee069751eb8b6e82b39\" class=\"founder-team\">\n    <div class=\"mt-32\">\n        <h2 class=\"font-semibold text-gray-900 text-base\" style=\"font-size: 15px; font-weight: semibold; margin-bottom: 0;\">Leiderschap<\/h2>\n        <h3 class=\"mt-2 font-bold text-3xl sm:text-4xl tracking-tight\">Ontmoet onze oprichters<\/h3>\n        <p class=\"mt-6 max-w-3xl text-gray-600 text-xl\">\n            Twee gedreven professionals die expertise in reizen en technologie combineren        <\/p>\n\n        <div class=\"gap-12 grid grid-cols-1 lg:grid-cols-2 mt-12\">\n            <div class=\"max-w-lg\">\n                <p class=\"text-gray-600\">\n                    Ons oprichtersteam brengt diepgaande sectorkennis en technische expertise samen om een oplossing te ontwikkelen die de behoeften van reisbureaus echt begrijpt en aanpakt.                <\/p>\n\n                <div class=\"space-y-12 mt-12\">\n                    <div class=\"flex gap-6\">\n                        <div class=\"flex-none w-16 h-16\">\n                            <div class=\"bg-gray-100 rounded-full aspect-square overflow-hidden\">\n                                <img decoding=\"async\" alt=\"Julien Leroy\" class=\"!m-0 w-full h-full object-cover\" src=\"https:\/\/eliapay.com\/wp-content\/themes\/elia\/assets\/images\/julien-leroy.jpeg\">\n                            <\/div>\n                        <\/div>\n                        <div>\n                            <h4 class=\"!mt-0 font-medium text-base\">\n                                Julien Leroy                                <span class=\"ml-2 font-normal text-gray-600 text-sm\">CEO<\/span>\n                            <\/h4>\n                            <p class=\"mt-1 text-gray-600 text-sm\">Met ruime ervaring in de reisbranche leidt Julien Elia&#8217;s visie en strategie om te veranderen hoe reisbureaus betalingen afhandelen.<\/p>\n                            <div class=\"mt-2\">\n                                <a target=\"_blank\" rel=\"noopener noreferrer\" class=\"inline-flex items-center font-medium !text-indigo-600 hover:!text-indigo-700 text-sm\" href=\"https:\/\/www.linkedin.com\/in\/julien-leroy-2a72032a\/\">\n                                    <svg class=\"w-4 h-4\" fill=\"currentColor\" viewBox=\"0 0 24 24\" aria-hidden=\"true\">\n            <path d=\"M19 0h-14c-2.761 0-5 2.239-5 5v14c0 2.761 2.239 5 5 5h14c2.762 0 5-2.239 5-5v-14c0-2.761-2.238-5-5-5zm-11 19h-3v-11h3v11zm-1.5-12.268c-.966 0-1.75-.79-1.75-1.764s.784-1.764 1.75-1.764 1.75.79 1.75 1.764-.783 1.764-1.75 1.764zm13.5 12.268h-3v-5.604c0-3.368-4-3.113-4 0v5.604h-3v-11h3v1.765c1.396-2.586 7-2.777 7 2.476v6.759z\"><\/path>\n        <\/svg>                                    <span class=\"ml-2\">LinkedIn<\/span>\n                                <\/a>\n                            <\/div>\n                        <\/div>\n                    <\/div>\n                    <div class=\"flex gap-6\">\n                        <div class=\"flex-none w-16 h-16\">\n                            <div class=\"bg-gray-100 rounded-full aspect-square overflow-hidden\">\n                                <img decoding=\"async\" alt=\"Loris Mazloum\" class=\"!m-0 w-full h-full object-cover\" src=\"https:\/\/eliapay.com\/wp-content\/themes\/elia\/assets\/images\/loris-mazloum.jpeg\">\n                            <\/div>\n                        <\/div>\n                        <div>\n                            <h4 class=\"!mt-0 font-medium text-base\">\n                                Loris Mazloum                                <span class=\"ml-2 font-normal text-gray-600 text-sm\">CTO<\/span>\n                            <\/h4>\n                            <p class=\"mt-1 text-gray-600 text-sm\">Als ervaren technologieleider stuurt Loris de ontwikkeling van Elia&#8217;s veilige en schaalbare betaalplatform aan.<\/p>\n                            <div class=\"mt-2\">\n                                <a target=\"_blank\" rel=\"noopener noreferrer\" class=\"inline-flex items-center font-medium !text-indigo-600 hover:!text-indigo-700 text-sm\" href=\"https:\/\/www.linkedin.com\/in\/lorismaz\/\">\n                                    <svg class=\"w-4 h-4\" fill=\"currentColor\" viewBox=\"0 0 24 24\" aria-hidden=\"true\">\n            <path d=\"M19 0h-14c-2.761 0-5 2.239-5 5v14c0 2.761 2.239 5 5 5h14c2.762 0 5-2.239 5-5v-14c0-2.761-2.238-5-5-5zm-11 19h-3v-11h3v11zm-1.5-12.268c-.966 0-1.75-.79-1.75-1.764s.784-1.764 1.75-1.764 1.75.79 1.75 1.764-.783 1.764-1.75 1.764zm13.5 12.268h-3v-5.604c0-3.368-4-3.113-4 0v5.604h-3v-11h3v1.765c1.396-2.586 7-2.777 7 2.476v6.759z\"><\/path>\n        <\/svg>                                    <span class=\"ml-2\">LinkedIn<\/span>\n                                <\/a>\n                            <\/div>\n                        <\/div>\n                    <\/div>\n                <\/div>\n            <\/div>\n\n            <div class=\"lg:pl-8\">\n                <div class=\"bg-gray-100 shadow-xl rounded-xl aspect-[4\/3] overflow-hidden\">\n                    <img decoding=\"async\" alt=\"Ontmoet onze oprichters\" class=\"!m-0 w-full h-full object-cover\" src=\"https:\/\/eliapay.com\/wp-content\/themes\/elia\/assets\/images\/pexels-shvetsa.jpg\">\n                <\/div>\n            <\/div>\n        <\/div>\n    <\/div>\n<\/div>\n\n\n<div id=\"partners-section-block_9307b977ebf8a3e748d58c6fec81af1a\" class=\"partners-section\">\n    <div class=\"mt-32 !mb-24\">\n        <div class=\"max-w-2xl\">\n            <h2 class=\"font-semibold text-gray-900 text-base\" style=\"font-size: 17px !important; font-weight: 500;\">Institutionele partners<\/h2>\n            <p class=\"mt-6 text-gray-600 text-lg\">\n                Elia wordt ondersteund door toonaangevende Franse innovatie-instellingen, waaronder French Tech en Unitec, die ons helpen de toekomst van reisbetalingen vorm te geven.            <\/p>\n        <\/div>\n\n        <div class=\"flex flex-wrap justify-start items-center gap-x-16 gap-y-8 mt-12\">\n            <a target=\"_blank\" rel=\"noopener noreferrer\" title=\"French Tech Bordeaux - Ecosysteme d'innovation pour startups et entreprises technologiques\" class=\"hover:opacity-80 transition-opacity duration-200\" href=\"https:\/\/annuaire.frenchtechbordeaux.com\/organisations\/elia-pay?utm_source=elia&amp;utm_medium=partner&amp;utm_campaign=company_page\">\n                <img decoding=\"async\" alt=\"French Tech\" class=\"h-20 object-contain\" src=\"https:\/\/eliapay.com\/wp-content\/themes\/elia\/assets\/images\/logo_frenchtech.png\">\n            <\/a> \n            <img decoding=\"async\" alt=\"Unitec\" class=\"h-16 object-contain\" src=\"https:\/\/eliapay.com\/wp-content\/themes\/elia\/assets\/images\/Logo-Unitec-RVB.png\">\n        <\/div>\n\n        <div class=\"mt-16\">\n            <h3 class=\"font-semibold text-gray-900 text-base\">GDPR Alliance<\/h3>\n            <div class=\"flex items-start gap-x-8 mt-6\">\n                <a target=\"_blank\" rel=\"noopener noreferrer\" title=\"Visiter le site de GDPR Alliance - Protection des donnees des voyageurs\" class=\"hover:opacity-80 transition-opacity duration-200\" href=\"https:\/\/www.alliancegdpr.com?utm_source=elia&amp;utm_medium=partner&amp;utm_campaign=company_page\">\n                    <img decoding=\"async\" alt=\"GDPR Alliance\" class=\"h-16 object-contain\" src=\"https:\/\/eliapay.com\/wp-content\/themes\/elia\/assets\/images\/gdpr_alliance.png\">\n                <\/a>\n                <p class=\"text-gray-600 text-lg\">\n                    Elia ondersteunt met trots de GDPR Alliance, een speciale alliantie van professionals in elektronische reisformaliteiten die zich inzetten voor de bescherming van reizigersgegevens en naleving van de GDPR in de reisindustrie.                <\/p>\n            <\/div>\n        <\/div>\n    <\/div>\n<\/div>\n","protected":false},"excerpt":{"rendered":"","protected":false},"author":3,"featured_media":0,"parent":0,"menu_order":0,"comment_status":"closed","ping_status":"closed","template":"template\/template-without-header.php","meta":{"_acf_changed":false,"footnotes":""},"class_list":["post-229","page","type-page","status-publish","hentry"],"acf":[],"_links":{"self":[{"href":"https:\/\/eliapay.com\/nl\/wp-json\/wp\/v2\/pages\/229","targetHints":{"allow":["GET"]}}],"collection":[{"href":"https:\/\/eliapay.com\/nl\/wp-json\/wp\/v2\/pages"}],"about":[{"href":"https:\/\/eliapay.com\/nl\/wp-json\/wp\/v2\/types\/page"}],"author":[{"embeddable":true,"href":"https:\/\/eliapay.com\/nl\/wp-json\/wp\/v2\/users\/3"}],"replies":[{"embeddable":true,"href":"https:\/\/eliapay.com\/nl\/wp-json\/wp\/v2\/comments?post=229"}],"version-history":[{"count":1,"href":"https:\/\/eliapay.com\/nl\/wp-json\/wp\/v2\/pages\/229\/revisions"}],"predecessor-version":[{"id":231,"href":"https:\/\/eliapay.com\/nl\/wp-json\/wp\/v2\/pages\/229\/revisions\/231"}],"wp:attachment":[{"href":"https:\/\/eliapay.com\/nl\/wp-json\/wp\/v2\/media?parent=229"}],"curies":[{"name":"wp","href":"https:\/\/api.w.org\/{rel}","templated":true}]}}