{"id":198,"date":"2025-05-13T09:17:29","date_gmt":"2025-05-13T09:17:29","guid":{"rendered":"https:\/\/q257a5brocx.preview.infomaniak.website\/privacy-policy\/"},"modified":"2025-05-30T13:00:19","modified_gmt":"2025-05-30T13:00:19","slug":"privacy-policy","status":"publish","type":"page","link":"https:\/\/eliapay.com\/it\/privacy-policy\/","title":{"rendered":"Informativa sulla Privacy"},"content":{"rendered":"\n<h2 class=\"wp-block-heading\">Introduzione e Chi Siamo<\/h2>\n\n<p>Questa informativa sulla privacy ti aiuter\u00e0 a comprendere come possiamo raccogliere e utilizzare le tue informazioni personali. Questa politica descrive anche i tuoi diritti e come puoi esercitarli. Puoi facilmente contattare Elia se hai domande relative a questa politica.  <\/p>\n\n<p>I riferimenti a &#8220;Elia&#8221; su questo sito devono essere considerati come riferimenti a Elia Pay, una societ\u00e0 a responsabilit\u00e0 limitata francese con numero di registrazione 937 600 526, numero di partita IVA FR52937600526, sede legale e indirizzo in 82 rue Pierre Lalumi\u00e8re, 33320 Eysines, Francia. La societ\u00e0 \u00e8 iscritta al Registro Unico degli Intermediari Assicurativi, Bancari e Finanziari con il numero 25000106 in qualit\u00e0 di Agente non esclusivo in operazioni bancarie e servizi di pagamento. Loris Mazloum \u00e8 il CEO di Elia.  <\/p>\n\n<p>Elia \u00e8 il proprietario e l&#8217;editore del sito web accessibile all&#8217;indirizzo https:\/\/www.eliapay.com. Elia agisce in qualit\u00e0 di Titolare del trattamento quando raccoglie e tratta i dati personali per proprio conto e per i propri scopi.<\/p>\n\n<h2 class=\"wp-block-heading\">Quali Dati Personali Trattiamo?<\/h2>\n\n<p>Il tipo di dati personali che Elia tratta su di te pu\u00f2 includere:<\/p>\n\n<ul class=\"wp-block-list\">\n<li>I tuoi dati di contatto, come nome, indirizzo, numero di telefono e indirizzo email<\/li>\n\n\n\n<li>Il tuo titolo professionale, posizione incluse preferenze e interessi in un contesto professionale e il nome della tua azienda<\/li>\n\n\n\n<li>Informazioni sul traffico del sito web fornite dal tuo browser come tipo di browser, lingua e indirizzo del sito web di riferimento<\/li>\n\n\n\n<li>Informazioni sul traffico come indirizzo IP<\/li>\n\n\n\n<li>Comportamento del visitatore del sito web come quali link clicchi e quando<\/li>\n\n\n\n<li>Qualsiasi informazione che raccogliamo online da te e manteniamo in associazione con il tuo account, come il tuo nome utente e password<\/li>\n\n\n\n<li>Informazioni su pagamenti e transazioni quando utilizzi i nostri servizi di elaborazione dei pagamenti<\/li>\n\n\n\n<li>Qualsiasi altra informazione che ci fornisci quando comunichi con noi<\/li>\n<\/ul>\n\n<h2 class=\"wp-block-heading\">Come Raccogliamo e Utilizziamo le Tue Informazioni<\/h2>\n\n<p>Elia raccoglie dati personali direttamente da te quando:<\/p>\n\n<ul class=\"wp-block-list\">\n<li>Crei un account sulla nostra piattaforma<\/li>\n\n\n\n<li>Utilizzi i nostri servizi di elaborazione dei pagamenti<\/li>\n\n\n\n<li>Contatti il nostro team di supporto<\/li>\n\n\n\n<li>Ti iscrivi alle nostre newsletter<\/li>\n\n\n\n<li>Compili moduli di contatto sul nostro sito web<\/li>\n\n\n\n<li>Partecipi ai nostri sondaggi o sessioni di feedback<\/li>\n<\/ul>\n\n<h2 class=\"wp-block-heading\">Finalit\u00e0 e Base Giuridica del Trattamento<\/h2>\n\n<p>Trattiamo i tuoi dati personali per le seguenti finalit\u00e0:<\/p>\n\n<ul class=\"wp-block-list\">\n<li>Per fornire i nostri servizi di elaborazione dei pagamenti per le agenzie di viaggio<\/li>\n\n\n\n<li>Per mantenere e migliorare i nostri servizi<\/li>\n\n\n\n<li>Per comunicare con te sui nostri servizi<\/li>\n\n\n\n<li>Per garantire la sicurezza della nostra piattaforma<\/li>\n\n\n\n<li>Per rispettare le normative finanziarie e gli obblighi legali<\/li>\n\n\n\n<li>Per finalit\u00e0 di marketing (con il tuo consenso)<\/li>\n<\/ul>\n\n<h2 class=\"wp-block-heading\">Per Quanto Tempo Conserviamo i Tuoi Dati Personali?<\/h2>\n\n<p>Conserviamo i tuoi dati personali solo per il tempo necessario alle finalit\u00e0 per cui sono stati raccolti, tenendo conto della nostra necessit\u00e0 di rispettare i requisiti legali ai sensi della legge applicabile (ad esempio, per rispettare le normative finanziarie). Quando i dati personali non sono pi\u00f9 necessari, li cancelliamo o li distruggiamo in modo sicuro. <\/p>\n\n<h2 class=\"wp-block-heading\">I Tuoi Diritti<\/h2>\n\n<p>Ai sensi delle leggi sulla protezione dei dati applicabili, hai il diritto di:<\/p>\n\n<ul class=\"wp-block-list\">\n<li>Accedere ai tuoi dati personali<\/li>\n\n\n\n<li>Correggere eventuali dati personali inesatti<\/li>\n\n\n\n<li>Richiedere la cancellazione dei tuoi dati personali<\/li>\n\n\n\n<li>Opporti al trattamento dei tuoi dati personali<\/li>\n\n\n\n<li>Richiedere la limitazione del trattamento<\/li>\n\n\n\n<li>Portabilit\u00e0 dei dati<\/li>\n\n\n\n<li>Presentare un reclamo a un&#8217;autorit\u00e0 di controllo<\/li>\n<\/ul>\n\n<h2 class=\"wp-block-heading\">Come Condividiamo i Tuoi Dati Personali<\/h2>\n\n<p>Prendiamo seriamente la tua privacy e condividiamo i tuoi dati personali solo quando necessario per fornire i nostri servizi o rispettare gli obblighi legali. Possiamo condividere i tuoi dati con: <\/p>\n\n<ul class=\"wp-block-list\">\n<li>Fornitori di servizi che ci aiutano a gestire la nostra piattaforma<\/li>\n\n\n\n<li>Istituzioni finanziarie necessarie per l&#8217;elaborazione dei pagamenti<\/li>\n\n\n\n<li>Autorit\u00e0 legali quando richiesto dalla legge<\/li>\n\n\n\n<li>Partner commerciali (solo con il tuo esplicito consenso)<\/li>\n<\/ul>\n\n<h2 class=\"wp-block-heading\">Sicurezza<\/h2>\n\n<p>Elia prende sul serio la sicurezza. Implementiamo misure tecniche e organizzative appropriate per proteggere i tuoi dati personali da accessi non autorizzati, alterazioni, divulgazione o distruzione. Come piattaforma di elaborazione dei pagamenti, rispettiamo i pi\u00f9 elevati standard di sicurezza del settore finanziario.  <\/p>\n\n<h2 class=\"wp-block-heading\">Contattaci<\/h2>\n\n<p>Se hai domande su questa informativa sulla privacy o sulle nostre pratiche sui dati, puoi contattarci a:<\/p>\n\n<ul class=\"wp-block-list\">\n<li>Email: privacy@eliapay.com<\/li>\n\n\n\n<li>Indirizzo: 82 rue Pierre Lalumi\u00e8re, 33320 Eysines<\/li>\n\n\n\n<li>Telefono: +33 1 86 26 72 02<\/li>\n<\/ul>\n\n<h2 class=\"wp-block-heading\">Modifiche a Questa Informativa sulla Privacy<\/h2>\n\n<p>Potremmo aggiornare questa informativa sulla privacy di tanto in tanto. Qualsiasi modifica sar\u00e0 pubblicata su questa pagina con una data di revisione aggiornata. Se apportiamo modifiche significative, te lo notificheremo attraverso il nostro sito web o via email.  <\/p>\n\n<p class=\"has-small-font-size\">Ultimo aggiornamento: 10 gennaio 2025<\/p>\n","protected":false},"excerpt":{"rendered":"<p>Introduzione e Chi Siamo Questa informativa sulla privacy ti aiuter\u00e0 a comprendere come possiamo raccogliere e utilizzare le tue informazioni personali. Questa politica descrive anche i tuoi diritti e come puoi esercitarli. Puoi facilmente contattare Elia se hai domande relative a questa politica. I riferimenti a &#8220;Elia&#8221; su questo sito devono essere considerati come riferimenti [&hellip;]<\/p>\n","protected":false},"author":1,"featured_media":0,"parent":0,"menu_order":0,"comment_status":"closed","ping_status":"open","template":"","meta":{"_acf_changed":false,"footnotes":""},"class_list":["post-198","page","type-page","status-publish","hentry"],"acf":[],"_links":{"self":[{"href":"https:\/\/eliapay.com\/it\/wp-json\/wp\/v2\/pages\/198","targetHints":{"allow":["GET"]}}],"collection":[{"href":"https:\/\/eliapay.com\/it\/wp-json\/wp\/v2\/pages"}],"about":[{"href":"https:\/\/eliapay.com\/it\/wp-json\/wp\/v2\/types\/page"}],"author":[{"embeddable":true,"href":"https:\/\/eliapay.com\/it\/wp-json\/wp\/v2\/users\/1"}],"replies":[{"embeddable":true,"href":"https:\/\/eliapay.com\/it\/wp-json\/wp\/v2\/comments?post=198"}],"version-history":[{"count":2,"href":"https:\/\/eliapay.com\/it\/wp-json\/wp\/v2\/pages\/198\/revisions"}],"predecessor-version":[{"id":200,"href":"https:\/\/eliapay.com\/it\/wp-json\/wp\/v2\/pages\/198\/revisions\/200"}],"wp:attachment":[{"href":"https:\/\/eliapay.com\/it\/wp-json\/wp\/v2\/media?parent=198"}],"curies":[{"name":"wp","href":"https:\/\/api.w.org\/{rel}","templated":true}]}}