{"id":408,"date":"2025-06-02T13:15:52","date_gmt":"2025-06-02T13:15:52","guid":{"rendered":"https:\/\/q257a5brocx.preview.infomaniak.website\/demo\/"},"modified":"2025-06-02T13:15:52","modified_gmt":"2025-06-02T13:15:52","slug":"demo","status":"publish","type":"page","link":"https:\/\/eliapay.com\/es\/demo\/","title":{"rendered":"Demo"},"content":{"rendered":"\n<div id=\"custom-heading-block_fe3b8d6da61919b3723fd5e2c3b2e82d\" class=\"custom-heading\">\n    <h1  class=\"font-bold text-4xl sm:text-5xl lg:text-6xl tracking-tight\">R\u00e9server une d\u00e9mo<\/h1>\n            <p class=\"mt-6 max-w-3xl text-gray-600 text-xl\">D\u00e9couvrez comment notre solution peut r\u00e9pondre \u00e0 vos besoins sp\u00e9cifiques. R\u00e9servez une d\u00e9monstration personnalis\u00e9e avec l&#039;un de nos experts.<\/p>\n    <\/div>\n\n\n<div style=\"height:40px\" aria-hidden=\"true\" class=\"wp-block-spacer\"><\/div>\n\n\n\n<!-- Cal inline embed code begins -->\n<div style=\"width:100%;height:100%;overflow:scroll\" id=\"my-cal-inline\"><\/div>\n<script type=\"text\/javascript\">\n  (function (C, A, L) { let p = function (a, ar) { a.q.push(ar); }; let d = C.document; C.Cal = C.Cal || function () { let cal = C.Cal; let ar = arguments; if (!cal.loaded) { cal.ns = {}; cal.q = cal.q || []; d.head.appendChild(d.createElement(\"script\")).src = A; cal.loaded = true; } if (ar[0] === L) { const api = function () { p(api, arguments); }; const namespace = ar[1]; api.q = api.q || []; if(typeof namespace === \"string\"){cal.ns[namespace] = cal.ns[namespace] || api;p(cal.ns[namespace], ar);p(cal, [\"initNamespace\", namespace]);} else p(cal, ar); return;} p(cal, ar); }; })(window, \"https:\/\/app.cal.com\/embed\/embed.js\", \"init\");\nCal(\"init\", \"15min\", {origin:\"https:\/\/cal.com\"});\n\n  Cal.ns[\"15min\"](\"inline\", {\n    elementOrSelector:\"#my-cal-inline\",\n    config: {\"layout\":\"month_view\"},\n    calLink: \"eliapay-fnzx8f\/15min\",\n  });\n\n  Cal.ns[\"15min\"](\"ui\", {\"styles\":{\"branding\":{\"brandColor\":\"#000000\"}},\"hideEventTypeDetails\":false,\"layout\":\"month_view\"});\n  <\/script>\n  <!-- Cal inline embed code ends -->\n\n\n\n<div style=\"height:100px\" aria-hidden=\"true\" class=\"wp-block-spacer\"><\/div>\n","protected":false},"excerpt":{"rendered":"","protected":false},"author":3,"featured_media":0,"parent":0,"menu_order":0,"comment_status":"closed","ping_status":"closed","template":"template\/template-without-header.php","meta":{"_acf_changed":false,"footnotes":""},"class_list":["post-408","page","type-page","status-publish","hentry"],"acf":[],"_links":{"self":[{"href":"https:\/\/eliapay.com\/es\/wp-json\/wp\/v2\/pages\/408","targetHints":{"allow":["GET"]}}],"collection":[{"href":"https:\/\/eliapay.com\/es\/wp-json\/wp\/v2\/pages"}],"about":[{"href":"https:\/\/eliapay.com\/es\/wp-json\/wp\/v2\/types\/page"}],"author":[{"embeddable":true,"href":"https:\/\/eliapay.com\/es\/wp-json\/wp\/v2\/users\/3"}],"replies":[{"embeddable":true,"href":"https:\/\/eliapay.com\/es\/wp-json\/wp\/v2\/comments?post=408"}],"version-history":[{"count":0,"href":"https:\/\/eliapay.com\/es\/wp-json\/wp\/v2\/pages\/408\/revisions"}],"wp:attachment":[{"href":"https:\/\/eliapay.com\/es\/wp-json\/wp\/v2\/media?parent=408"}],"curies":[{"name":"wp","href":"https:\/\/api.w.org\/{rel}","templated":true}]}}