{"id":232,"date":"2025-05-27T09:21:16","date_gmt":"2025-05-27T09:21:16","guid":{"rendered":"https:\/\/q257a5brocx.preview.infomaniak.website\/company\/"},"modified":"2025-06-01T04:08:25","modified_gmt":"2025-06-01T04:08:25","slug":"company","status":"publish","type":"page","link":"https:\/\/eliapay.com\/es\/company\/","title":{"rendered":"La Primera Plataforma de Pagos para Agencias de Viajes"},"content":{"rendered":"\n<div id=\"custom-heading-block_44b7fbc5724fffb03143bb9d6a127096\" class=\"custom-heading\">\n    <h1  class=\"font-bold text-4xl sm:text-5xl lg:text-6xl tracking-tight\">La Primera Plataforma de Pagos para Agencias de Viajes<\/h1>\n            <p class=\"mt-6 max-w-3xl text-gray-600 text-xl\">Elia est\u00e1 transformando la forma en que las agencias de viajes gestionan los pagos con una plataforma todo en uno dise\u00f1ada para las necesidades \u00fanicas del sector.<\/p>\n    <\/div>\n\n\n<div id=\"stats-container-block_128780c7fdf11cb1787740f2d7b6ff32\" class=\"stats-container\">\n        <div class=\"acf-innerblocks-container\">\n\n<div id=\"stat-item-block_fa6c9ed03528c675c1d229347108521e\" class=\"flex flex-col gap-y-2 pl-6 border-gray-200 border-l\">\n    <dt class=\"text-gray-600 text-sm\" style=\"font-weight: 400 !important;\">M\u00e9todos de Pago<\/dt>\n    <dd class=\"font-medium text-4xl tracking-tight\" style=\"padding-left: 0 !important; margin-top: 0 !important;\">7<\/dd>\n<\/div>\n\n\n<div id=\"stat-item-block_faca0539c1c7f630381f4678f35d7226\" class=\"flex flex-col gap-y-2 pl-6 border-gray-200 border-l\">\n    <dt class=\"text-gray-600 text-sm\" style=\"font-weight: 400 !important;\">Nivel de Seguridad<\/dt>\n    <dd class=\"font-medium text-4xl tracking-tight\" style=\"padding-left: 0 !important; margin-top: 0 !important;\">100%<\/dd>\n<\/div>\n\n\n<div id=\"stat-item-block_263b6f33f3664bfd597f0c18cb3d1ada\" class=\"flex flex-col gap-y-2 pl-6 border-gray-200 border-l\">\n    <dt class=\"text-gray-600 text-sm\" style=\"font-weight: 400 !important;\">Cashback M\u00e1ximo<\/dt>\n    <dd class=\"font-medium text-4xl tracking-tight\" style=\"padding-left: 0 !important; margin-top: 0 !important;\">1%<\/dd>\n<\/div>\n\n\n<div id=\"stat-item-block_958a601842f0f4502d27ff56b418fb7b\" class=\"flex flex-col gap-y-2 pl-6 border-gray-200 border-l\">\n    <dt class=\"text-gray-600 text-sm\" style=\"font-weight: 400 !important;\">Garant\u00eda FGDR<\/dt>\n    <dd class=\"font-medium text-4xl tracking-tight\" style=\"padding-left: 0 !important; margin-top: 0 !important;\">100K\u20ac<\/dd>\n<\/div>\n<\/div>\n<\/div>\n\n\n<div\n    class=\"rzwn-image-text image-text--image-right image-size--default align wp-block-acf-image-text\">\n    <div class=\"gap-12 grid grid-cols-1 lg:grid-cols-2 mt-16\">\n        <div class=\"max-w-lg\">\n                            <h2 class=\"font-medium text-2xl tracking-tight\">Creada para Agencias de Viajes<\/h2>\n            \n                            <div class=\"mt-6 text-gray-600\" style=\"font-size: 15px;\">\n                    <div class=\"max-w-lg\">\n<div class=\"max-w-lg\">\n<p class=\"mt-6 text-gray-600\">Las cuentas comerciales tradicionales no est\u00e1n adaptadas a las necesidades del sector tur\u00edstico. Hemos creado Elia para abordar los desaf\u00edos espec\u00edficos que enfrentan las agencias de viajes: m\u00faltiples m\u00e9todos de pago, altas comisiones, riesgos de fraude y procesos complejos de conciliaci\u00f3n.<\/p>\n<\/div>\n<\/div>\n                <\/div>\n                    <\/div>\n\n        <div class=\"lg:row-span-2\">\n            <div class=\"bg-gray-100 shadow-xl rounded-xl aspect-[4\/3] overflow-hidden\">\n                <img decoding=\"async\"\n                    alt=\"\"\n                    class=\"!m-0 w-full h-full object-cover\"\n                    src=\"https:\/\/eliapay.com\/wp-content\/uploads\/2025\/05\/pexels-mikhail-nilov-6969624-6ad601bf.jpg\">\n            <\/div>\n        <\/div>\n    <\/div>\n<\/div>\n\n\n<div \n    class=\"rzwn-mission-section align wp-block-acf-mission-section\">\n    <div class=\"mt-32\">\n                    <h2 class=\"font-semibold text-gray-900 text-base\" style=\"font-weight: semibold; font-size: 15px;\">Nuestra Misi\u00f3n<\/h2>\n                \n                    <h3 class=\"mt-2 font-bold text-3xl sm:text-4xl tracking-tight\">Simplificando los Pagos de Agencias de Viajes<\/h3>\n        \n        <div class=\"gap-12 grid grid-cols-1 lg:grid-cols-2 mt-12\">\n            <div class=\"max-w-lg\">\n                                    <div class=\"text-gray-600 mission-section-content\" style=\"font-size: 15px;\">\n                        <p class=\"text-gray-600\">Elia naci\u00f3 de la observaci\u00f3n de que no exist\u00eda ninguna herramienta disponible para satisfacer las necesidades espec\u00edficas de pago de la industria tur\u00edstica. Desde el fraude con tarjetas hasta la falta de controles internos, desde la compleja conciliaci\u00f3n bancaria hasta las altas comisiones bancarias, las agencias de viajes enfrentan numerosos desaf\u00edos en cuanto a m\u00e9todos de pago y plataformas bancarias.<\/p>\n<p class=\"mt-8 text-gray-600\">Nuestra plataforma ofrece una soluci\u00f3n moderna e intuitiva &#8216;todo en uno&#8217;, permitiendo a nuestros clientes gestionar sus pagos de manera m\u00e1s eficiente a un menor costo.<\/p>\n                    <\/div>\n                \n                                    <dl class=\"gap-x-8 gap-y-6 grid grid-cols-1 sm:grid-cols-2 mt-12\">\n                                                    <div>\n                                <dt class=\"font-medium text-gray-900 text-sm\">Fecha de Lanzamiento<\/dt>\n                                <dd class=\"mt-1 !pl-0 text-gray-600 text-sm\">Febrero 2025<\/dd>\n                            <\/div>\n                                                    <div>\n                                <dt class=\"font-medium text-gray-900 text-sm\">Socio Bancario<\/dt>\n                                <dd class=\"mt-1 !pl-0 text-gray-600 text-sm\">Swan (regulado por Banque de France)<\/dd>\n                            <\/div>\n                                                    <div>\n                                <dt class=\"font-medium text-gray-900 text-sm\">Regulaci\u00f3n<\/dt>\n                                <dd class=\"mt-1 !pl-0 text-gray-600 text-sm\">MOBSP registrado en ORIAS (25000106)<\/dd>\n                            <\/div>\n                                                    <div>\n                                <dt class=\"font-medium text-gray-900 text-sm\">Protecci\u00f3n de Fondos<\/dt>\n                                <dd class=\"mt-1 !pl-0 text-gray-600 text-sm\">100% de los fondos asegurados con BNP<\/dd>\n                            <\/div>\n                                            <\/dl>\n                            <\/div>\n\n            <div class=\"gap-4 grid grid-cols-2\">\n                <div class=\"bg-gray-100 shadow-lg rounded-xl aspect-[4\/3] overflow-hidden\">\n                    <img decoding=\"async\" \n                        alt=\"\" \n                        class=\"!m-0 w-full h-full object-cover\" \n                        src=\"https:\/\/eliapay.com\/wp-content\/uploads\/2025\/05\/pexels-mikhail-nilov-7534804-ecfb4abe.jpg\"\n                    >\n                <\/div>\n                <div class=\"bg-gray-100 shadow-lg lg:mt-12 rounded-xl aspect-[4\/3] overflow-hidden\">\n                    <img decoding=\"async\" \n                        alt=\"\" \n                        class=\"!m-0 w-full h-full object-cover\" \n                        src=\"https:\/\/eliapay.com\/wp-content\/uploads\/2025\/05\/pexels-sami-aksu-48867324-9917006-86e6baf8.jpg\"\n                    >\n                <\/div>\n            <\/div>\n        <\/div>\n    <\/div>\n<\/div>\n\n\n<div id=\"founder-team-block_d2c0210d748c3e00ec3ccc4f0a177608\" class=\"founder-team\">\n    <div class=\"mt-32\">\n        <h2 class=\"font-semibold text-gray-900 text-base\" style=\"font-size: 15px; font-weight: semibold; margin-bottom: 0;\">Liderazgo<\/h2>\n        <h3 class=\"mt-2 font-bold text-3xl sm:text-4xl tracking-tight\">Conoce a nuestros fundadores<\/h3>\n        <p class=\"mt-6 max-w-3xl text-gray-600 text-xl\">\n            Dos profesionales apasionados que combinan experiencia en viajes y tecnologia        <\/p>\n\n        <div class=\"gap-12 grid grid-cols-1 lg:grid-cols-2 mt-12\">\n            <div class=\"max-w-lg\">\n                <p class=\"text-gray-600\">\n                    Nuestro equipo fundador combina un profundo conocimiento del sector y experiencia tecnica para crear una solucion que realmente entiende y responde a las necesidades de las agencias de viajes.                <\/p>\n\n                <div class=\"space-y-12 mt-12\">\n                    <div class=\"flex gap-6\">\n                        <div class=\"flex-none w-16 h-16\">\n                            <div class=\"bg-gray-100 rounded-full aspect-square overflow-hidden\">\n                                <img decoding=\"async\" alt=\"Julien Leroy\" class=\"!m-0 w-full h-full object-cover\" src=\"https:\/\/eliapay.com\/wp-content\/themes\/elia\/assets\/images\/julien-leroy.jpeg\">\n                            <\/div>\n                        <\/div>\n                        <div>\n                            <h4 class=\"!mt-0 font-medium text-base\">\n                                Julien Leroy                                <span class=\"ml-2 font-normal text-gray-600 text-sm\">CEO<\/span>\n                            <\/h4>\n                            <p class=\"mt-1 text-gray-600 text-sm\">Con amplia experiencia en la industria de los viajes, Julien lidera la vision y la estrategia de Elia para transformar la forma en que las agencias de viajes gestionan los pagos.<\/p>\n                            <div class=\"mt-2\">\n                                <a target=\"_blank\" rel=\"noopener noreferrer\" class=\"inline-flex items-center font-medium !text-indigo-600 hover:!text-indigo-700 text-sm\" href=\"https:\/\/www.linkedin.com\/in\/julien-leroy-2a72032a\/\">\n                                    <svg class=\"w-4 h-4\" fill=\"currentColor\" viewBox=\"0 0 24 24\" aria-hidden=\"true\">\n            <path d=\"M19 0h-14c-2.761 0-5 2.239-5 5v14c0 2.761 2.239 5 5 5h14c2.762 0 5-2.239 5-5v-14c0-2.761-2.238-5-5-5zm-11 19h-3v-11h3v11zm-1.5-12.268c-.966 0-1.75-.79-1.75-1.764s.784-1.764 1.75-1.764 1.75.79 1.75 1.764-.783 1.764-1.75 1.764zm13.5 12.268h-3v-5.604c0-3.368-4-3.113-4 0v5.604h-3v-11h3v1.765c1.396-2.586 7-2.777 7 2.476v6.759z\"><\/path>\n        <\/svg>                                    <span class=\"ml-2\">LinkedIn<\/span>\n                                <\/a>\n                            <\/div>\n                        <\/div>\n                    <\/div>\n                    <div class=\"flex gap-6\">\n                        <div class=\"flex-none w-16 h-16\">\n                            <div class=\"bg-gray-100 rounded-full aspect-square overflow-hidden\">\n                                <img decoding=\"async\" alt=\"Loris Mazloum\" class=\"!m-0 w-full h-full object-cover\" src=\"https:\/\/eliapay.com\/wp-content\/themes\/elia\/assets\/images\/loris-mazloum.jpeg\">\n                            <\/div>\n                        <\/div>\n                        <div>\n                            <h4 class=\"!mt-0 font-medium text-base\">\n                                Loris Mazloum                                <span class=\"ml-2 font-normal text-gray-600 text-sm\">CTO<\/span>\n                            <\/h4>\n                            <p class=\"mt-1 text-gray-600 text-sm\">Como lider tecnologico con experiencia, Loris impulsa el desarrollo de la plataforma de pagos segura y escalable de Elia.<\/p>\n                            <div class=\"mt-2\">\n                                <a target=\"_blank\" rel=\"noopener noreferrer\" class=\"inline-flex items-center font-medium !text-indigo-600 hover:!text-indigo-700 text-sm\" href=\"https:\/\/www.linkedin.com\/in\/lorismaz\/\">\n                                    <svg class=\"w-4 h-4\" fill=\"currentColor\" viewBox=\"0 0 24 24\" aria-hidden=\"true\">\n            <path d=\"M19 0h-14c-2.761 0-5 2.239-5 5v14c0 2.761 2.239 5 5 5h14c2.762 0 5-2.239 5-5v-14c0-2.761-2.238-5-5-5zm-11 19h-3v-11h3v11zm-1.5-12.268c-.966 0-1.75-.79-1.75-1.764s.784-1.764 1.75-1.764 1.75.79 1.75 1.764-.783 1.764-1.75 1.764zm13.5 12.268h-3v-5.604c0-3.368-4-3.113-4 0v5.604h-3v-11h3v1.765c1.396-2.586 7-2.777 7 2.476v6.759z\"><\/path>\n        <\/svg>                                    <span class=\"ml-2\">LinkedIn<\/span>\n                                <\/a>\n                            <\/div>\n                        <\/div>\n                    <\/div>\n                <\/div>\n            <\/div>\n\n            <div class=\"lg:pl-8\">\n                <div class=\"bg-gray-100 shadow-xl rounded-xl aspect-[4\/3] overflow-hidden\">\n                    <img decoding=\"async\" alt=\"Conoce a nuestros fundadores\" class=\"!m-0 w-full h-full object-cover\" src=\"https:\/\/eliapay.com\/wp-content\/themes\/elia\/assets\/images\/pexels-shvetsa.jpg\">\n                <\/div>\n            <\/div>\n        <\/div>\n    <\/div>\n<\/div>\n\n\n<div id=\"partners-section-block_9d864d2af20c5a3268b7be69cf64c1b2\" class=\"partners-section\">\n    <div class=\"mt-32 !mb-24\">\n        <div class=\"max-w-2xl\">\n            <h2 class=\"font-semibold text-gray-900 text-base\" style=\"font-size: 17px !important; font-weight: 500;\">Socios institucionales<\/h2>\n            <p class=\"mt-6 text-gray-600 text-lg\">\n                Elia cuenta con el apoyo de las principales instituciones francesas de innovacion, incluidas French Tech y Unitec, que nos ayudan a construir el futuro de los pagos en el sector de los viajes.            <\/p>\n        <\/div>\n\n        <div class=\"flex flex-wrap justify-start items-center gap-x-16 gap-y-8 mt-12\">\n            <a target=\"_blank\" rel=\"noopener noreferrer\" title=\"French Tech Bordeaux - Ecosysteme d'innovation pour startups et entreprises technologiques\" class=\"hover:opacity-80 transition-opacity duration-200\" href=\"https:\/\/annuaire.frenchtechbordeaux.com\/organisations\/elia-pay?utm_source=elia&amp;utm_medium=partner&amp;utm_campaign=company_page\">\n                <img decoding=\"async\" alt=\"French Tech\" class=\"h-20 object-contain\" src=\"https:\/\/eliapay.com\/wp-content\/themes\/elia\/assets\/images\/logo_frenchtech.png\">\n            <\/a> \n            <img decoding=\"async\" alt=\"Unitec\" class=\"h-16 object-contain\" src=\"https:\/\/eliapay.com\/wp-content\/themes\/elia\/assets\/images\/Logo-Unitec-RVB.png\">\n        <\/div>\n\n        <div class=\"mt-16\">\n            <h3 class=\"font-semibold text-gray-900 text-base\">GDPR Alliance<\/h3>\n            <div class=\"flex items-start gap-x-8 mt-6\">\n                <a target=\"_blank\" rel=\"noopener noreferrer\" title=\"Visiter le site de GDPR Alliance - Protection des donnees des voyageurs\" class=\"hover:opacity-80 transition-opacity duration-200\" href=\"https:\/\/www.alliancegdpr.com?utm_source=elia&amp;utm_medium=partner&amp;utm_campaign=company_page\">\n                    <img decoding=\"async\" alt=\"GDPR Alliance\" class=\"h-16 object-contain\" src=\"https:\/\/eliapay.com\/wp-content\/themes\/elia\/assets\/images\/gdpr_alliance.png\">\n                <\/a>\n                <p class=\"text-gray-600 text-lg\">\n                    Elia apoya con orgullo a la GDPR Alliance, una alianza especial de profesionales de las formalidades de viaje electronicas comprometidos con la proteccion de los datos de los viajeros y el cumplimiento del RGPD en toda la industria de los viajes.                <\/p>\n            <\/div>\n        <\/div>\n    <\/div>\n<\/div>\n","protected":false},"excerpt":{"rendered":"","protected":false},"author":3,"featured_media":0,"parent":0,"menu_order":0,"comment_status":"closed","ping_status":"closed","template":"template\/template-without-header.php","meta":{"_acf_changed":false,"footnotes":""},"class_list":["post-232","page","type-page","status-publish","hentry"],"acf":[],"_links":{"self":[{"href":"https:\/\/eliapay.com\/es\/wp-json\/wp\/v2\/pages\/232","targetHints":{"allow":["GET"]}}],"collection":[{"href":"https:\/\/eliapay.com\/es\/wp-json\/wp\/v2\/pages"}],"about":[{"href":"https:\/\/eliapay.com\/es\/wp-json\/wp\/v2\/types\/page"}],"author":[{"embeddable":true,"href":"https:\/\/eliapay.com\/es\/wp-json\/wp\/v2\/users\/3"}],"replies":[{"embeddable":true,"href":"https:\/\/eliapay.com\/es\/wp-json\/wp\/v2\/comments?post=232"}],"version-history":[{"count":1,"href":"https:\/\/eliapay.com\/es\/wp-json\/wp\/v2\/pages\/232\/revisions"}],"predecessor-version":[{"id":234,"href":"https:\/\/eliapay.com\/es\/wp-json\/wp\/v2\/pages\/232\/revisions\/234"}],"wp:attachment":[{"href":"https:\/\/eliapay.com\/es\/wp-json\/wp\/v2\/media?parent=232"}],"curies":[{"name":"wp","href":"https:\/\/api.w.org\/{rel}","templated":true}]}}