{"id":223,"date":"2025-05-27T09:14:10","date_gmt":"2025-05-27T09:14:10","guid":{"rendered":"https:\/\/q257a5brocx.preview.infomaniak.website\/legal-notices\/"},"modified":"2025-06-01T03:44:43","modified_gmt":"2025-06-01T03:44:43","slug":"legal-notices","status":"publish","type":"page","link":"https:\/\/eliapay.com\/es\/legal-notices\/","title":{"rendered":"Avisos Legales"},"content":{"rendered":"\n<p>De conformidad con las disposiciones de la Ley n\u00b0 2004-575 del 21 de junio de 2004 sobre la confianza en la econom\u00eda digital, le informamos de los siguientes avisos legales:<\/p>\n\n\n\n<h2 class=\"wp-block-heading\">1. Editor del sitio web<\/h2>\n\n\n\n<p>Elia Pay<br>Sociedad de Responsabilidad Limitada con un capital de 1000 euros<br>Domicilio social: 82 rue Pierre Lalumi\u00e8re, 33320 Eysines<br>RCS Bordeaux: 937 600 526<br>N\u00b0 IVA Intracomunitario: FR52937600526<br>Inscrito en el Registro \u00danico de Intermediarios de Seguros, Banca y Finanzas con el n\u00famero 25000106 como Agente no exclusivo en operaciones bancarias y servicios de pago<br>Director de publicaci\u00f3n: Loris Mazloum<\/p>\n\n\n\n<h2 class=\"wp-block-heading\">2. Alojamiento<\/h2>\n\n\n\n<p>El sitio web de Elia est\u00e1 alojado por:<br>Infomaniak Network SA<br>Rue Eug\u00e8ne Marziano 25<br>1227 Les Acacias (GE)<br>Switzerland<\/p>\n\n\n\n<h2 class=\"wp-block-heading\">3. Propiedad intelectual<\/h2>\n\n\n\n<p>Todo el contenido de este sitio (estructura, textos, im\u00e1genes, logotipos, etc.) es propiedad exclusiva de Elia Pay o de sus socios. Queda prohibida cualquier reproducci\u00f3n, representaci\u00f3n, modificaci\u00f3n, publicaci\u00f3n, transmisi\u00f3n o alteraci\u00f3n, total o parcial, del sitio o de su contenido, por cualquier medio y en cualquier soporte, sin la autorizaci\u00f3n previa por escrito de Elia Pay.<\/p>\n\n\n\n<h2 class=\"wp-block-heading\">4. Protecci\u00f3n de datos<\/h2>\n\n\n\n<p>De conformidad con la Ley de Protecci\u00f3n de Datos modificada del 6 de enero de 1978 y el Reglamento General de Protecci\u00f3n de Datos (RGPD), usted tiene derecho a acceder, rectificar, eliminar y oponerse a sus datos personales. Para ejercer estos derechos, cont\u00e1ctenos en:&nbsp;privacy@eliapay.com.<\/p>\n\n\n\n<h2 class=\"wp-block-heading\">5. Cookies<\/h2>\n\n\n\n<p>El sitio web de Elia utiliza cookies para mejorar su experiencia de navegaci\u00f3n y analizar el tr\u00e1fico del sitio. Puede gestionar sus preferencias de cookies en cualquier momento&nbsp;<a href=\"https:\/\/eliapay.com\/es\/legal-notices#\">haciendo clic aqu\u00ed<\/a>. Para m\u00e1s informaci\u00f3n sobre nuestro uso de cookies, consulte nuestra&nbsp;<a href=\"https:\/\/eliapay.com\/es\/privacy-policy\">pol\u00edtica de privacidad<\/a>.<\/p>\n\n\n\n<h2 class=\"wp-block-heading\">6. Contacto<\/h2>\n\n\n\n<p>Para cualquier pregunta sobre estos avisos legales, puede contactarnos en:<br>Elia Pay<br>82 rue Pierre Lalumi\u00e8re, 33320 Eysines<br>Email:&nbsp;bonjour@eliapay.com<br>Tel\u00e9fono: +33 1 86 26 72 02<\/p>\n\n\n\n<p>Estos avisos legales pueden ser modificados en cualquier momento sin previo aviso. Le invitamos a consultarlos regularmente.<\/p>\n","protected":false},"excerpt":{"rendered":"<p>De conformidad con las disposiciones de la Ley n\u00b0 2004-575 del 21 de junio de 2004 sobre la confianza en la econom\u00eda digital, le informamos de los siguientes avisos legales: 1. Editor del sitio web Elia PaySociedad de Responsabilidad Limitada con un capital de 1000 eurosDomicilio social: 82 rue Pierre Lalumi\u00e8re, 33320 EysinesRCS Bordeaux: 937 [&hellip;]<\/p>\n","protected":false},"author":3,"featured_media":0,"parent":0,"menu_order":0,"comment_status":"closed","ping_status":"closed","template":"","meta":{"_acf_changed":false,"footnotes":""},"class_list":["post-223","page","type-page","status-publish","hentry"],"acf":[],"_links":{"self":[{"href":"https:\/\/eliapay.com\/es\/wp-json\/wp\/v2\/pages\/223","targetHints":{"allow":["GET"]}}],"collection":[{"href":"https:\/\/eliapay.com\/es\/wp-json\/wp\/v2\/pages"}],"about":[{"href":"https:\/\/eliapay.com\/es\/wp-json\/wp\/v2\/types\/page"}],"author":[{"embeddable":true,"href":"https:\/\/eliapay.com\/es\/wp-json\/wp\/v2\/users\/3"}],"replies":[{"embeddable":true,"href":"https:\/\/eliapay.com\/es\/wp-json\/wp\/v2\/comments?post=223"}],"version-history":[{"count":1,"href":"https:\/\/eliapay.com\/es\/wp-json\/wp\/v2\/pages\/223\/revisions"}],"predecessor-version":[{"id":224,"href":"https:\/\/eliapay.com\/es\/wp-json\/wp\/v2\/pages\/223\/revisions\/224"}],"wp:attachment":[{"href":"https:\/\/eliapay.com\/es\/wp-json\/wp\/v2\/media?parent=223"}],"curies":[{"name":"wp","href":"https:\/\/api.w.org\/{rel}","templated":true}]}}