{"id":225,"date":"2025-05-27T09:14:10","date_gmt":"2025-05-27T09:14:10","guid":{"rendered":"https:\/\/q257a5brocx.preview.infomaniak.website\/legal-notices\/"},"modified":"2025-06-01T03:45:29","modified_gmt":"2025-06-01T03:45:29","slug":"legal-notices","status":"publish","type":"page","link":"https:\/\/eliapay.com\/de\/legal-notices\/","title":{"rendered":"Rechtliche Hinweise"},"content":{"rendered":"\n<p>Gem\u00e4\u00df den Bestimmungen des Gesetzes Nr. 2004-575 vom 21. Juni 2004 \u00fcber das Vertrauen in die digitale Wirtschaft informieren wir Sie \u00fcber folgende rechtliche Hinweise:<\/p>\n\n\n\n<h2 class=\"wp-block-heading\">1. Website-Betreiber<\/h2>\n\n\n\n<p>Elia Pay<br>Gesellschaft mit beschr\u00e4nkter Haftung mit einem Kapital von 1000 Euro<br>Gesch\u00e4ftssitz: 82 rue Pierre Lalumi\u00e8re, 33320 Eysines<br>Handelsregister Bordeaux: 937 600 526<br>USt-IdNr.: FR52937600526<br>Eingetragen im einheitlichen Register f\u00fcr Versicherungs-, Bank- und Finanzvermittler unter der Nummer 25000106 als nicht-exklusiver Vermittler f\u00fcr Bank- und Zahlungsdienstleistungen<br>Verantwortlicher Herausgeber: Loris Mazloum<\/p>\n\n\n\n<h2 class=\"wp-block-heading\">2. Hosting<\/h2>\n\n\n\n<p>Die Elia-Website wird gehostet von:<br>Infomaniak Network SA<br>Rue Eug\u00e8ne Marziano 25<br>1227 Les Acacias (GE)<br>Switzerland<\/p>\n\n\n\n<h2 class=\"wp-block-heading\">3. Geistiges Eigentum<\/h2>\n\n\n\n<p>Der gesamte Inhalt dieser Website (Struktur, Texte, Bilder, Logos usw.) ist das ausschlie\u00dfliche Eigentum von Elia Pay oder seiner Partner. Jede Reproduktion, Darstellung, \u00c4nderung, Ver\u00f6ffentlichung, \u00dcbertragung oder Verf\u00e4lschung der Website oder ihres Inhalts, ganz oder teilweise, durch jegliche Mittel und auf jeglichem Medium ist ohne vorherige schriftliche Genehmigung von Elia Pay untersagt.<\/p>\n\n\n\n<h2 class=\"wp-block-heading\">4. Datenschutz<\/h2>\n\n\n\n<p>Gem\u00e4\u00df dem ge\u00e4nderten Datenschutzgesetz vom 6. Januar 1978 und der Datenschutz-Grundverordnung (DSGVO) haben Sie das Recht auf Zugang, Berichtigung, L\u00f6schung und Widerspruch zu Ihren personenbezogenen Daten. Um diese Rechte auszu\u00fcben, kontaktieren Sie uns bitte unter:&nbsp;privacy@eliapay.com.<\/p>\n\n\n\n<h2 class=\"wp-block-heading\">5. Cookies<\/h2>\n\n\n\n<p>Die Elia-Website verwendet Cookies, um Ihr Browsererlebnis zu verbessern und den Website-Verkehr zu analysieren. Sie k\u00f6nnen Ihre Cookie-Einstellungen jederzeit verwalten, indem Sie&nbsp;<a href=\"https:\/\/eliapay.com\/de\/legal-notices#\">hier klicken<\/a>. Weitere Informationen \u00fcber unsere Verwendung von Cookies finden Sie in unserer&nbsp;<a href=\"https:\/\/eliapay.com\/de\/privacy-policy\">Datenschutzerkl\u00e4rung<\/a>.<\/p>\n\n\n\n<h2 class=\"wp-block-heading\">6. Kontakt<\/h2>\n\n\n\n<p>F\u00fcr Fragen zu diesen rechtlichen Hinweisen k\u00f6nnen Sie uns kontaktieren unter:<br>Elia Pay<br>82 rue Pierre Lalumi\u00e8re, 33320 Eysines<br>E-Mail:&nbsp;bonjour@eliapay.com<br>Telefon: +33 1 86 26 72 02<\/p>\n\n\n\n<p>Diese rechtlichen Hinweise k\u00f6nnen jederzeit ohne vorherige Ank\u00fcndigung ge\u00e4ndert werden. Wir empfehlen Ihnen, sie regelm\u00e4\u00dfig zu konsultieren.<\/p>\n","protected":false},"excerpt":{"rendered":"<p>Gem\u00e4\u00df den Bestimmungen des Gesetzes Nr. 2004-575 vom 21. Juni 2004 \u00fcber das Vertrauen in die digitale Wirtschaft informieren wir Sie \u00fcber folgende rechtliche Hinweise: 1. Website-Betreiber Elia PayGesellschaft mit beschr\u00e4nkter Haftung mit einem Kapital von 1000 EuroGesch\u00e4ftssitz: 82 rue Pierre Lalumi\u00e8re, 33320 EysinesHandelsregister Bordeaux: 937 600 526USt-IdNr.: FR52937600526Eingetragen im einheitlichen Register f\u00fcr Versicherungs-, Bank- [&hellip;]<\/p>\n","protected":false},"author":3,"featured_media":0,"parent":0,"menu_order":0,"comment_status":"closed","ping_status":"closed","template":"","meta":{"_acf_changed":false,"footnotes":""},"class_list":["post-225","page","type-page","status-publish","hentry"],"acf":[],"_links":{"self":[{"href":"https:\/\/eliapay.com\/de\/wp-json\/wp\/v2\/pages\/225","targetHints":{"allow":["GET"]}}],"collection":[{"href":"https:\/\/eliapay.com\/de\/wp-json\/wp\/v2\/pages"}],"about":[{"href":"https:\/\/eliapay.com\/de\/wp-json\/wp\/v2\/types\/page"}],"author":[{"embeddable":true,"href":"https:\/\/eliapay.com\/de\/wp-json\/wp\/v2\/users\/3"}],"replies":[{"embeddable":true,"href":"https:\/\/eliapay.com\/de\/wp-json\/wp\/v2\/comments?post=225"}],"version-history":[{"count":1,"href":"https:\/\/eliapay.com\/de\/wp-json\/wp\/v2\/pages\/225\/revisions"}],"predecessor-version":[{"id":226,"href":"https:\/\/eliapay.com\/de\/wp-json\/wp\/v2\/pages\/225\/revisions\/226"}],"wp:attachment":[{"href":"https:\/\/eliapay.com\/de\/wp-json\/wp\/v2\/media?parent=225"}],"curies":[{"name":"wp","href":"https:\/\/api.w.org\/{rel}","templated":true}]}}